{"id":4533,"date":"2026-01-12T09:34:51","date_gmt":"2026-01-12T09:34:51","guid":{"rendered":"https:\/\/rsgroupgh.com\/?page_id=4533"},"modified":"2026-01-27T14:51:24","modified_gmt":"2026-01-27T14:51:24","slug":"managing-director","status":"publish","type":"page","link":"https:\/\/rsgroupgh.com\/fr\/managing-director\/","title":{"rendered":"Managing Director"},"content":{"rendered":"<div data-elementor-type=\"wp-page\" data-elementor-id=\"4533\" class=\"elementor elementor-4533\" data-elementor-post-type=\"page\">\n\t\t\t\t<div class=\"elementor-element elementor-element-942959c e-flex e-con-boxed e-con e-parent\" data-id=\"942959c\" data-element_type=\"container\" data-settings=\"{&quot;background_background&quot;:&quot;gradient&quot;}\">\n\t\t\t\t\t<div class=\"e-con-inner\">\n\t\t<div class=\"elementor-element elementor-element-bdc7dc4 e-con-full e-flex e-con e-child\" data-id=\"bdc7dc4\" data-element_type=\"container\" data-settings=\"{&quot;background_background&quot;:&quot;classic&quot;}\">\n\t\t<div class=\"elementor-element elementor-element-1c859d2 e-con-full e-flex e-con e-child\" data-id=\"1c859d2\" data-element_type=\"container\">\n\t\t\t\t<div class=\"elementor-element elementor-element-59ab6be elementor-widget-mobile__width-initial elementor-widget elementor-widget-heading\" data-id=\"59ab6be\" data-element_type=\"widget\" data-widget_type=\"heading.default\">\n\t\t\t\t\t<h2 class=\"elementor-heading-title elementor-size-default translation-block\">Rencontrez le Directeur G\u00e9n\u00e9ral (DG) du <br>groupe RS<\/h2>\t\t\t\t<\/div>\n\t\t\t\t<div class=\"elementor-element elementor-element-fc355ee elementor-widget-divider--view-line elementor-widget elementor-widget-divider\" data-id=\"fc355ee\" data-element_type=\"widget\" data-widget_type=\"divider.default\">\n\t\t\t\t\t\t\t<div class=\"elementor-divider\">\n\t\t\t<span class=\"elementor-divider-separator\">\n\t\t\t\t\t\t<\/span>\n\t\t<\/div>\n\t\t\t\t\t\t<\/div>\n\t\t\t\t<div class=\"elementor-element elementor-element-31433c9 elementor-widget elementor-widget-heading\" data-id=\"31433c9\" data-element_type=\"widget\" data-widget_type=\"heading.default\">\n\t\t\t\t\t<h2 class=\"elementor-heading-title elementor-size-default\">Godwin Kusi Cofie<\/h2>\t\t\t\t<\/div>\n\t\t\t\t<\/div>\n\t\t\t\t<\/div>\n\t\t\t\t\t<\/div>\n\t\t\t\t<\/div>\n\t\t<div class=\"elementor-element elementor-element-a10a15b elementor-hidden-desktop e-flex e-con-boxed e-con e-parent\" data-id=\"a10a15b\" data-element_type=\"container\">\n\t\t\t\t\t<div class=\"e-con-inner\">\n\t\t\t\t\t<\/div>\n\t\t\t\t<\/div>\n\t\t<div class=\"elementor-element elementor-element-41aee70 e-con-full e-flex e-con e-parent\" data-id=\"41aee70\" data-element_type=\"container\" data-settings=\"{&quot;background_background&quot;:&quot;gradient&quot;}\">\n\t\t<div class=\"elementor-element elementor-element-59fdee6 e-con-full e-flex e-con e-child\" data-id=\"59fdee6\" data-element_type=\"container\">\n\t\t\t\t<div class=\"elementor-element elementor-element-f2f6f90 elementor-widget elementor-widget-heading\" data-id=\"f2f6f90\" data-element_type=\"widget\" data-widget_type=\"heading.default\">\n\t\t\t\t\t<h2 class=\"elementor-heading-title elementor-size-default\">Leadership visionnaire<\/h2>\t\t\t\t<\/div>\n\t\t\t\t<div class=\"elementor-element elementor-element-ff0b803 elementor-widget__width-initial elementor-widget elementor-widget-heading\" data-id=\"ff0b803\" data-element_type=\"widget\" data-widget_type=\"heading.default\">\n\t\t\t\t\t<h2 class=\"elementor-heading-title elementor-size-default\">Godwin Kusi Cofie est le Directeur G\u00e9n\u00e9ral visionnaire du groupe RS, un conglom\u00e9rat dynamique et diversifi\u00e9 bas\u00e9 \u00e0 Accra, au Ghana. Fort d\u2019un engagement profond envers l\u2019innovation, la durabilit\u00e9 et l\u2019autonomisation \u00e9conomique, il dirige le groupe RS depuis sa cr\u00e9ation en 2023, transformant l\u2019entreprise en un acteur multifacette couvrant la construction, les services de fret, le voyage et le tourisme, la vente et les services automobiles, l\u2019agriculture, la planification d\u2019\u00e9v\u00e9nements et le commerce de d\u00e9tail. Aujourd\u2019hui, le Groupe op\u00e8re \u00e0 travers sept filiales sp\u00e9cialis\u00e9es\u202f: RS Lantern, RS Construction, RS Farms, RS Vehiville, RS Travel &amp; Tour, RS Times et RS &amp; Sons Limited, offrant des solutions de haute qualit\u00e9 et centr\u00e9es sur le client au Ghana et au-del\u00e0. <\/h2>\t\t\t\t<\/div>\n\t\t\t\t<\/div>\n\t\t<div class=\"elementor-element elementor-element-7c0b145 e-con-full e-flex e-con e-child\" data-id=\"7c0b145\" data-element_type=\"container\">\n\t\t\t\t<div class=\"elementor-element elementor-element-ab5eeca elementor-widget elementor-widget-heading\" data-id=\"ab5eeca\" data-element_type=\"widget\" data-widget_type=\"heading.default\">\n\t\t\t\t\t<h2 class=\"elementor-heading-title elementor-size-default\">Excellence strat\u00e9gique<\/h2>\t\t\t\t<\/div>\n\t\t\t\t<div class=\"elementor-element elementor-element-002b19a elementor-widget__width-initial elementor-widget elementor-widget-heading\" data-id=\"002b19a\" data-element_type=\"widget\" data-widget_type=\"heading.default\">\n\t\t\t\t\t<h2 class=\"elementor-heading-title elementor-size-default\">En tant qu\u2019entrepreneur chevronn\u00e9 et leader strat\u00e9gique, Godwin a cofond\u00e9 Royal Codin Ltd., o\u00f9 il a perfectionn\u00e9 son expertise en efficacit\u00e9 op\u00e9rationnelle et en d\u00e9veloppement des affaires. Sa philosophie de leadership repose sur la collaboration, l\u2019int\u00e9grit\u00e9 et des pratiques durables b\u00e9n\u00e9fiques tant pour les communaut\u00e9s que pour l\u2019environnement. Sa vision est de positionner le groupe RS comme une r\u00e9f\u00e9rence mondiale dans des secteurs diversifi\u00e9s, en autonomisant entreprises et individus gr\u00e2ce \u00e0 des solutions innovantes qui stimulent la croissance \u00e9conomique et am\u00e9liorent la qualit\u00e9 de vie. <\/h2>\t\t\t\t<\/div>\n\t\t\t\t<\/div>\n\t\t<div class=\"elementor-element elementor-element-e6bf872 e-con-full e-flex e-con e-child\" data-id=\"e6bf872\" data-element_type=\"container\">\n\t\t\t\t<div class=\"elementor-element elementor-element-a889c66 elementor-widget elementor-widget-heading\" data-id=\"a889c66\" data-element_type=\"widget\" data-widget_type=\"heading.default\">\n\t\t\t\t\t<h2 class=\"elementor-heading-title elementor-size-default\">Objectif et impact<\/h2>\t\t\t\t<\/div>\n\t\t\t\t<div class=\"elementor-element elementor-element-39c0c4e elementor-widget__width-initial elementor-widget elementor-widget-heading\" data-id=\"39c0c4e\" data-element_type=\"widget\" data-widget_type=\"heading.default\">\n\t\t\t\t\t<h2 class=\"elementor-heading-title elementor-size-default\">La vision de Godwin Kusi Cofie se refl\u00e8te dans le lancement de Vehiville, la plateforme num\u00e9rique tout-en-un du groupe RS pour la vente, la location, la r\u00e9paration, l\u2019escorte et la gestion de flottes de v\u00e9hicules. Au-del\u00e0 des affaires, Godwin est un fervent d\u00e9fenseur du potentiel de l\u2019Afrique, combinant foi, perspicacit\u00e9 strat\u00e9gique et excellence pour inspirer les futurs leaders. Sous sa direction, le groupe RS continue d\u2019\u00e9tendre son empreinte, de cr\u00e9er des opportunit\u00e9s et de fa\u00e7onner un avenir meilleur pour le Ghana et le continent. <\/h2>\t\t\t\t<\/div>\n\t\t\t\t<\/div>\n\t\t\t\t<\/div>\n\t\t\t\t<\/div>","protected":false},"excerpt":{"rendered":"<p>Meet the Managing Director (MD) of RS Group of Companies Godwin Kusi Cofie Visionary Leadership Godwin Kusi Cofie is the visionary Managing Director of RS Group of Companies, a dynamic and diversified conglomerate headquartered in Accra, Ghana. With a profound commitment to innovation, sustainability, and economic empowerment, he has steered RS Group since its inception [&hellip;]<\/p>","protected":false},"author":1,"featured_media":0,"parent":0,"menu_order":0,"comment_status":"closed","ping_status":"closed","template":"","meta":{"footnotes":""},"class_list":["post-4533","page","type-page","status-publish","hentry"],"blocksy_meta":[],"aioseo_notices":[],"_links":{"self":[{"href":"https:\/\/rsgroupgh.com\/fr\/wp-json\/wp\/v2\/pages\/4533","targetHints":{"allow":["GET"]}}],"collection":[{"href":"https:\/\/rsgroupgh.com\/fr\/wp-json\/wp\/v2\/pages"}],"about":[{"href":"https:\/\/rsgroupgh.com\/fr\/wp-json\/wp\/v2\/types\/page"}],"author":[{"embeddable":true,"href":"https:\/\/rsgroupgh.com\/fr\/wp-json\/wp\/v2\/users\/1"}],"replies":[{"embeddable":true,"href":"https:\/\/rsgroupgh.com\/fr\/wp-json\/wp\/v2\/comments?post=4533"}],"version-history":[{"count":208,"href":"https:\/\/rsgroupgh.com\/fr\/wp-json\/wp\/v2\/pages\/4533\/revisions"}],"predecessor-version":[{"id":4862,"href":"https:\/\/rsgroupgh.com\/fr\/wp-json\/wp\/v2\/pages\/4533\/revisions\/4862"}],"wp:attachment":[{"href":"https:\/\/rsgroupgh.com\/fr\/wp-json\/wp\/v2\/media?parent=4533"}],"curies":[{"name":"wp","href":"https:\/\/api.w.org\/{rel}","templated":true}]}}